{"id":1269,"date":"2026-02-17T08:01:09","date_gmt":"2026-02-17T07:01:09","guid":{"rendered":"https:\/\/tiflonova.hr\/wp\/?page_id=1269"},"modified":"2026-02-17T08:34:45","modified_gmt":"2026-02-17T07:34:45","slug":"govorni-tlakomjer-nano-v3-smart-sound-za-nadlakticu","status":"publish","type":"page","link":"https:\/\/tiflonova.hr\/wp\/?page_id=1269","title":{"rendered":"Govorni tlakomjer NANO V3 SMART SOUND za nadlakticu"},"content":{"rendered":"<h3>Narud\u017eba<\/h3>\n<ul>\n<li>Cijena: 72,95 EUR<\/li>\n<li>\u0160ifra za narud\u017ebu: 23010<\/li>\n<li><a href=\"https:\/\/tiflonova.hr\/wp\/?page_id=177#content\">Naru\u010dite sada&#8230;.<\/a><\/li>\n<\/ul>\n<hr \/>\n<p><img loading=\"lazy\" decoding=\"async\" class=\"alignnone size-medium wp-image-1280\" src=\"https:\/\/tiflonova.hr\/wp\/wp-content\/uploads\/2026\/02\/NANO-V3-SMART-SOUND-tlakomjer-za-nadlakticu-s-govornom-funkcijom-adapter-2-300x300.jpg\" alt=\"Slika govornog tlakomjera\" width=\"300\" height=\"300\" srcset=\"https:\/\/tiflonova.hr\/wp\/wp-content\/uploads\/2026\/02\/NANO-V3-SMART-SOUND-tlakomjer-za-nadlakticu-s-govornom-funkcijom-adapter-2-300x300.jpg 300w, https:\/\/tiflonova.hr\/wp\/wp-content\/uploads\/2026\/02\/NANO-V3-SMART-SOUND-tlakomjer-za-nadlakticu-s-govornom-funkcijom-adapter-2-150x150.jpg 150w, https:\/\/tiflonova.hr\/wp\/wp-content\/uploads\/2026\/02\/NANO-V3-SMART-SOUND-tlakomjer-za-nadlakticu-s-govornom-funkcijom-adapter-2.jpg 700w\" sizes=\"auto, (max-width: 300px) 100vw, 300px\" \/><\/p>\n<p>Govorni tlakomjer NANO V3 SMART SOUND za nadlakticu je digitalni tlakomjer s govornom funkcijom na hrvatskom jeziku i velikim, lako \u010ditljivim zaslonom. Ure\u0111aj je posebno prilago\u0111en slabovidnim i slijepim osobama, kao i svim korisnicima kojima govorna funkcija omogu\u0107uje jednostavniju i ugodniju kontrolu krvnog tlaka.<\/p>\n<p>Ugra\u0111ena govorna funkcija ugodnim prirodnim glasom korak po korak vodi kroz cijeli postupak mjerenja krvnog tlaka. Nakon zavr\u0161etka mjerenja ure\u0111aj izgovara izmjerene vrijednosti krvnog tlaka te informira o rezultatima u skladu sa smjernicama Svjetske zdravstvene organizacije.<\/p>\n<p>Slabovidna i slijepa osoba potpuno sama sebi mo\u017ee izmjeriti krvni tlak pomo\u0107u govornog tlakomjera NANO V3 SMART SOUND za nadlakticu.<\/p>\n<h1>Glavne zna\u010dajke govornog tlakomjera<\/h1>\n<ul>\n<li>Govorna funkcija na hrvatskom jeziku, koristi prirodni, ugodni glas<\/li>\n<li>Veliki i lako \u010ditljivi LCD zaslon<\/li>\n<li>Detekcija nepravilnog sr\u010danog ritma<\/li>\n<li>Man\u017eeta za nadlakticu opsega 30 &#8211; 42 cm<\/li>\n<li>Napredan izra\u010dun prosje\u010dnih vrijednosti mjerenja<\/li>\n<li>Klini\u010dki testiran ure\u0111aj<\/li>\n<li>Tiho i automatsko napuhivanje man\u017eete za ugodnije mjerenje<\/li>\n<li>Memorija za dva korisnika (2 x 120 mjerenja)<\/li>\n<li>Jamstvo: 2 godine<\/li>\n<\/ul>\n<p><strong>Sadr\u017eaj pakiranja<\/strong><\/p>\n<ul>\n<li>NANO V3 SMART SOUND tlakomjer za nadlakticu s govornom funkcijom<\/li>\n<li>Strujni adapter<\/li>\n<li>Upute za uporabu<\/li>\n<\/ul>\n<hr \/>\n<h3>Navigacija<\/h3>\n<ul>\n<li><a href=\"https:\/\/tiflonova.hr\/wp\/?page_id=282\">Povratak na <strong>Pomagala za zdravlje<\/strong><\/a><\/li>\n<\/ul>\n","protected":false},"excerpt":{"rendered":"<p>Narud\u017eba Cijena: 72,95 EUR \u0160ifra za narud\u017ebu: 23010 Naru\u010dite sada&#8230;. Govorni tlakomjer NANO V3 SMART SOUND za nadlakticu je digitalni tlakomjer s govornom funkcijom na hrvatskom jeziku i velikim, lako \u010ditljivim zaslonom. Ure\u0111aj je posebno prilago\u0111en slabovidnim i slijepim osobama, &hellip; <a href=\"https:\/\/tiflonova.hr\/wp\/?page_id=1269\">Nastavi \u010ditati <span class=\"meta-nav\">&rarr;<\/span><\/a><\/p>\n","protected":false},"author":1,"featured_media":0,"parent":282,"menu_order":0,"comment_status":"closed","ping_status":"closed","template":"","meta":{"footnotes":""},"class_list":["post-1269","page","type-page","status-publish","hentry"],"_links":{"self":[{"href":"https:\/\/tiflonova.hr\/wp\/index.php?rest_route=\/wp\/v2\/pages\/1269","targetHints":{"allow":["GET"]}}],"collection":[{"href":"https:\/\/tiflonova.hr\/wp\/index.php?rest_route=\/wp\/v2\/pages"}],"about":[{"href":"https:\/\/tiflonova.hr\/wp\/index.php?rest_route=\/wp\/v2\/types\/page"}],"author":[{"embeddable":true,"href":"https:\/\/tiflonova.hr\/wp\/index.php?rest_route=\/wp\/v2\/users\/1"}],"replies":[{"embeddable":true,"href":"https:\/\/tiflonova.hr\/wp\/index.php?rest_route=%2Fwp%2Fv2%2Fcomments&post=1269"}],"version-history":[{"count":5,"href":"https:\/\/tiflonova.hr\/wp\/index.php?rest_route=\/wp\/v2\/pages\/1269\/revisions"}],"predecessor-version":[{"id":1283,"href":"https:\/\/tiflonova.hr\/wp\/index.php?rest_route=\/wp\/v2\/pages\/1269\/revisions\/1283"}],"up":[{"embeddable":true,"href":"https:\/\/tiflonova.hr\/wp\/index.php?rest_route=\/wp\/v2\/pages\/282"}],"wp:attachment":[{"href":"https:\/\/tiflonova.hr\/wp\/index.php?rest_route=%2Fwp%2Fv2%2Fmedia&parent=1269"}],"curies":[{"name":"wp","href":"https:\/\/api.w.org\/{rel}","templated":true}]}}