{"id":118,"date":"2025-11-07T09:01:16","date_gmt":"2025-11-07T08:01:16","guid":{"rendered":"https:\/\/tiflonova.hr\/wp\/?page_id=118"},"modified":"2025-11-07T12:29:20","modified_gmt":"2025-11-07T11:29:20","slug":"tiskara","status":"publish","type":"page","link":"https:\/\/tiflonova.hr\/wp\/?page_id=118","title":{"rendered":"Brailleova tiskara"},"content":{"rendered":"<div id=\"attachment_1103\" style=\"width: 222px\" class=\"wp-caption alignleft\"><img loading=\"lazy\" decoding=\"async\" aria-describedby=\"caption-attachment-1103\" class=\"size-medium wp-image-1103\" src=\"https:\/\/tiflonova.hr\/wp\/wp-content\/uploads\/2025\/11\/Brajicni-letak-s-logom-na-dnu-212x300.jpg\" alt=\"Braji\u010dni letak s logom\" width=\"212\" height=\"300\" srcset=\"https:\/\/tiflonova.hr\/wp\/wp-content\/uploads\/2025\/11\/Brajicni-letak-s-logom-na-dnu-212x300.jpg 212w, https:\/\/tiflonova.hr\/wp\/wp-content\/uploads\/2025\/11\/Brajicni-letak-s-logom-na-dnu-725x1024.jpg 725w, https:\/\/tiflonova.hr\/wp\/wp-content\/uploads\/2025\/11\/Brajicni-letak-s-logom-na-dnu-768x1084.jpg 768w, https:\/\/tiflonova.hr\/wp\/wp-content\/uploads\/2025\/11\/Brajicni-letak-s-logom-na-dnu-1088x1536.jpg 1088w, https:\/\/tiflonova.hr\/wp\/wp-content\/uploads\/2025\/11\/Brajicni-letak-s-logom-na-dnu-1451x2048.jpg 1451w, https:\/\/tiflonova.hr\/wp\/wp-content\/uploads\/2025\/11\/Brajicni-letak-s-logom-na-dnu-scaled.jpg 1813w\" sizes=\"auto, (max-width: 212px) 100vw, 212px\" \/><p id=\"caption-attachment-1103\" class=\"wp-caption-text\">Braji\u010dni letak s logom<\/p><\/div>\n<div id=\"attachment_1115\" style=\"width: 228px\" class=\"wp-caption alignright\"><img loading=\"lazy\" decoding=\"async\" aria-describedby=\"caption-attachment-1115\" class=\"size-medium wp-image-1115\" src=\"https:\/\/tiflonova.hr\/wp\/wp-content\/uploads\/2025\/11\/Termo-taktilni-crtez-1-218x300.jpg\" alt=\"Termo-taktilni crte\u017e 1\" width=\"218\" height=\"300\" srcset=\"https:\/\/tiflonova.hr\/wp\/wp-content\/uploads\/2025\/11\/Termo-taktilni-crtez-1-218x300.jpg 218w, https:\/\/tiflonova.hr\/wp\/wp-content\/uploads\/2025\/11\/Termo-taktilni-crtez-1.jpg 557w\" sizes=\"auto, (max-width: 218px) 100vw, 218px\" \/><p id=\"caption-attachment-1115\" class=\"wp-caption-text\">Termo-taktilni crte\u017e 1<\/p><\/div>\n<p>&nbsp;<\/p>\n<p>&nbsp;<\/p>\n<p>&nbsp;<\/p>\n<p>&nbsp;<\/p>\n<p>&nbsp;<\/p>\n<p>&nbsp;<\/p>\n<p>&nbsp;<\/p>\n<p>&nbsp;<\/p>\n\n\n<!-- Fast Secure Contact Form plugin 4.0.52 - begin - FastSecureContactForm.com -->\r\n<div style=\"clear:both;\"><\/div>\n<h1>Obrazac za narud\u017ebu<\/h1>\r\n<div id=\"FSContact7\" style=\"width:99%; max-width:555px;\">\r\n<form enctype=\"multipart\/form-data\" action=\"https:\/\/tiflonova.hr\/wp\/index.php?rest_route=%2Fwp%2Fv2%2Fpages%2F118#FSContact7\" id=\"fscf_form7\" method=\"post\">\r\n\n<div id=\"fscf_required7\">\n  <span style=\"text-align:left;\">\u00a0(obavezno)<\/span> <span style=\"text-align:left;\">\u00a0ozna\u010dava polje koje mora biti popunjeno.<\/span>\n<\/div>\n\n\n<div id=\"fscf_div_clear7_0\" style=\"clear:both;\">\n  <div id=\"fscf_div_field7_0\" style=\"clear:left; float:left; width:99%; max-width:550px; margin-right:10px;\">\n\n    <div style=\"clear:both;\"><\/div>\n<h2>Osobni podatci<\/h2>\n\r\n    <div style=\"text-align:left; padding-top:5px;\">\n      <label style=\"text-align:left;\" for=\"fscf_f_name7\">Va\u0161e ime:<span style=\"text-align:left;\">\u00a0(obavezno)<\/span><\/label>\n    <\/div>\r\n    <div style=\"text-align:left;\">\r\n\t  <input style=\"text-align:left; margin:0; width:99%; max-width:250px;\" type=\"text\" id=\"fscf_f_name7\" name=\"f_name\" value=\"\"  \/>\r\n    <\/div>\r\n    <div style=\"text-align:left; padding-top:5px;\">\n      <label style=\"text-align:left;\" for=\"fscf_l_name7\">Prezime:<span style=\"text-align:left;\">\u00a0(obavezno)<\/span><\/label>\n    <\/div>\r\n    <div style=\"text-align:left;\">\r\n\t  <input style=\"text-align:left; margin:0; width:99%; max-width:250px;\" type=\"text\" id=\"fscf_l_name7\" name=\"l_name\" value=\"\"  \/>\r\n    <\/div>\r\n  <\/div>\n<\/div>\n\n<div id=\"fscf_div_clear7_1\" style=\"clear:both;\">\n  <div id=\"fscf_div_field7_1\" style=\"clear:left; float:left; width:99%; max-width:550px; margin-right:10px;\">\n    <div style=\"text-align:left; padding-top:5px;\">\n      <label style=\"text-align:left;\" for=\"fscf_email7\">Va\u0161a adresa e-po\u0161te:<span style=\"text-align:left;\">\u00a0(obavezno)<\/span><\/label>\n    <\/div>\n    <div style=\"text-align:left;\">\n      <input style=\"text-align:left; margin:0; width:99%; max-width:250px;\" type=\"text\" id=\"fscf_email7\" name=\"email\" value=\"\"  \/>\n    <\/div>\n  <\/div>\n<\/div>\n\n<div id=\"fscf_div_clear7_6\" style=\"clear:both;\">\n  <div id=\"fscf_div_field7_6\" style=\"clear:left; float:left; width:99%; max-width:550px; margin-right:10px;\">\n    <div  id=\"fscf_label7_6\" style=\"text-align:left; padding-top:5px;\">\r\n      <label style=\"text-align:left;\" for=\"fscf_field7_6\">Ulica i ku\u0107ni broj:<span style=\"text-align:left;\">\u00a0(obavezno)<\/span><\/label>\n    <\/div>\n    <div style=\"text-align:left;\">\n      <input style=\"text-align:left; margin:0; width:99%; max-width:250px;\" type=\"text\" id=\"fscf_field7_6\" name=\"adresa\" value=\"\"  maxlength=\"30\" \/>\n    <\/div>\n  <\/div>\n<\/div>\n\n<div id=\"fscf_div_clear7_7\" style=\"clear:both;\">\n  <div id=\"fscf_div_field7_7\" style=\"clear:left; float:left; width:99%; max-width:550px; margin-right:10px;\">\n    <div  id=\"fscf_label7_7\" style=\"text-align:left; padding-top:5px;\">\r\n      <label style=\"text-align:left;\" for=\"fscf_field7_7\">Po\u0161tanski broj i mjesto:<span style=\"text-align:left;\">\u00a0(obavezno)<\/span><\/label>\n    <\/div>\n    <div style=\"text-align:left;\">\n      <input style=\"text-align:left; margin:0; width:99%; max-width:250px;\" type=\"text\" id=\"fscf_field7_7\" name=\"postanski-broj-i-mjesto\" value=\"\"  maxlength=\"30\" \/>\n    <\/div>\n  <\/div>\n<\/div>\n\n<div id=\"fscf_div_clear7_8\" style=\"clear:both;\">\n  <div id=\"fscf_div_field7_8\" style=\"clear:left; float:left; width:99%; max-width:550px; margin-right:10px;\">\n    <div  id=\"fscf_label7_8\" style=\"text-align:left; padding-top:5px;\">\r\n      <label style=\"text-align:left;\" for=\"fscf_field7_8\">OIB:<\/label>\n    <\/div>\n    <div style=\"text-align:left;\">\n      <input style=\"text-align:left; margin:0; width:99%; max-width:250px;\" type=\"text\" id=\"fscf_field7_8\" name=\"oib\" value=\"\"  maxlength=\"11\" \/>\n    <\/div>\n  <\/div>\n<\/div>\n\n<div id=\"fscf_div_clear7_9\" style=\"clear:both;\">\n  <div id=\"fscf_div_field7_9\" style=\"clear:left; float:left; width:99%; max-width:550px; margin-right:10px;\">\n    <div  id=\"fscf_label7_9\" style=\"text-align:left; padding-top:5px;\">\r\n      <label style=\"text-align:left;\" for=\"fscf_field7_9\">Telefon:<\/label>\n    <\/div>\n    <div style=\"text-align:left;\">\n      <input style=\"text-align:left; margin:0; width:99%; max-width:250px;\" type=\"text\" id=\"fscf_field7_9\" name=\"telefon\" value=\"\"  maxlength=\"30\" \/>\n    <\/div>\n  <\/div>\n<\/div>\n\n<div id=\"fscf_div_clear7_16\" style=\"clear:both;\">\n  <div id=\"fscf_div_field7_16\" style=\"clear:left; float:left; width:99%; max-width:550px; margin-right:10px;\">\n    <div  id=\"fscf_label7_16\" style=\"text-align:left; padding-top:5px;\">\r\n      <label style=\"text-align:left;\" for=\"fscf_field7_16\">Materijal za tisak<\/label>\n    <\/div>\n    <div style=\"text-align:left;\">\n      <input style=\"text-align:left; margin:0; width:99%; max-width:250px;\" type=\"file\" id=\"fscf_field7_16\" name=\"materijal\"  size=\"20\" \/><br \/>\n      <span id=\"fscf_hint_file_types7_16\" style=\"font-size:x-small; font-weight:normal;\">Prihvatljivi oblici dokumenata su: doc,docx,pdf,txt,rtf,epub,jpg,jpeg,png.<br \/>Maksimalna veli\u010dina dokumenta: 5mb.<\/span>\n    <\/div>\n  <\/div>\n<\/div>\n\n<div id=\"fscf_div_clear7_10\" style=\"clear:both;\">\n  <div id=\"fscf_div_field7_10\" style=\"clear:left; float:left; width:99%; max-width:550px; margin-right:10px;\">\n\n    <div style=\"clear:both;\"><\/div>\n<h2>Podatci o proizvodu ili usluzi<\/h2>\n\n    <div  id=\"fscf_label7_10\" style=\"text-align:left; padding-top:5px;\">\r\n      <label style=\"text-align:left;\" for=\"fscf_field7_10\">Proizvod:<span style=\"text-align:left;\">\u00a0(obavezno)<\/span><\/label>\n    <\/div>\n    <div style=\"text-align:left;\">\n      <select style=\"text-align:left;\" id=\"fscf_field7_10\" name=\"proizvod-tiskare[]\">\n        <option value=\"1\" selected=\"selected\">Letak na Brailleovom pismu s logotipom<\/option>\n        <option value=\"2\">Letak na Brailleovom pismu<\/option>\n        <option value=\"3\">Knjiga na Brailleovom pismu<\/option>\n        <option value=\"4\">Bro\u0161ura na Brailleovom pismu<\/option>\n        <option value=\"5\">Informativni letak na Brailleovom pismu<\/option>\n        <option value=\"6\">Jelovnik na Brailleovom pismu<\/option>\n        <option value=\"7\">Pozivnica na Brailleovom pismu<\/option>\n        <option value=\"8\">Materijal za sastanke na Brailleovom pismu<\/option>\n        <option value=\"9\">Zahvalnica na Brailleovom pismu<\/option>\n        <option value=\"10\">Etikete na Brailleovom pismu<\/option>\n        <option value=\"11\">Promotivni materijal na Brailleovom pismu<\/option>\n        <option value=\"12\">Upute na Brailleovom pismu<\/option>\n        <option value=\"13\">Taktilni crte\u017e<\/option>\n        <option value=\"14\">Digitalni Brailleov dokument<\/option>\n        <option value=\"15\">Ostalo... (specificirajte u tijelu poruke)<\/option>\n      <\/select>\n    <\/div>\n  <\/div>\n<\/div>\n\n<div id=\"fscf_div_clear7_11\" style=\"clear:both;\">\n  <div id=\"fscf_div_field7_11\" style=\"clear:left; float:left; width:99%; max-width:550px; margin-right:10px;\">\n    <div  id=\"fscf_label7_11\" style=\"text-align:left; padding-top:5px;\">\r\n      <label style=\"text-align:left;\" for=\"fscf_field7_11\">Koli\u010dina:<span style=\"text-align:left;\">\u00a0(obavezno)<\/span><\/label>\n    <\/div>\n    <div style=\"text-align:left;\">\n      <input style=\"text-align:left; margin:0; width:99%; max-width:250px;\" type=\"text\" id=\"fscf_field7_11\" name=\"kolicina\" value=\"1\"  maxlength=\"3\" \/>\n    <\/div>\n  <\/div>\n<\/div>\n\n<div id=\"fscf_div_clear7_12\" style=\"clear:both;\">\n  <div id=\"fscf_div_field7_12\" style=\"clear:left; float:left; width:99%; max-width:550px; margin-right:10px;\">\n    <div  id=\"fscf_label7_12\" style=\"text-align:left; padding-top:5px;\">\r\n      <label style=\"text-align:left;\" for=\"fscf_field7_12\">Odaberite na\u010din pla\u0107anja:<span style=\"text-align:left;\">\u00a0(obavezno)<\/span><\/label>\n    <\/div>\n    <div style=\"text-align:left;\">\n      <select style=\"text-align:left;\" id=\"fscf_field7_12\" name=\"nacin-placanja[]\">\n        <option value=\"1\" selected=\"selected\">Po plativoj ponudi\/predra\u010dunu<\/option>\n      <\/select>\n    <\/div>\n  <\/div>\n<\/div>\n\n<div id=\"fscf_div_clear7_13\" style=\"clear:both;\">\n  <div id=\"fscf_div_field7_13\" style=\"clear:left; float:left; width:99%; max-width:550px; margin-right:10px;\">\n    <div  id=\"fscf_label7_13\" style=\"text-align:left; padding-top:5px;\">\r\n      <label style=\"text-align:left;\" for=\"fscf_field7_13\">Na\u010din dostave:<\/label>\n    <\/div>\n    <div style=\"text-align:left;\">\n      <select style=\"text-align:left;\" id=\"fscf_field7_13\" name=\"nacin-dostave[]\">\n        <option value=\"1\" selected=\"selected\">Dostava putem dostavne slu\u017ebe<\/option>\n        <option value=\"2\">Dostava na paketomat<\/option>\n        <option value=\"3\">Osobno preuzimanje<\/option>\n      <\/select>\n    <\/div>\n  <\/div>\n<\/div>\n\n<div id=\"fscf_div_clear7_14\" style=\"clear:both;\">\n  <div id=\"fscf_div_field7_14\" style=\"clear:left; float:left; width:99%; max-width:550px; margin-right:10px;\">\n    <div  id=\"fscf_label7_14\" style=\"text-align:left; padding-top:5px;\">\r\n      <label style=\"text-align:left;\" for=\"fscf_field7_14\">Poruka:<\/label>\n    <\/div>\n    <div style=\"text-align:left;\">\n      <textarea style=\"text-align:left; margin:0; width:99%; max-width:250px; height:120px;\" id=\"fscf_field7_14\" name=\"poruka\" cols=\"30\" rows=\"10\" ><\/textarea>\n    <\/div>\n  <\/div>\n<\/div>\n\n<div id=\"fscf_div_clear7_15\" style=\"clear:both;\">\n  <div id=\"fscf_div_field7_15\" style=\"clear:left; float:left; width:99%; max-width:550px; margin-right:10px;\">\n    <div  id=\"fscf_label7_15\" style=\"text-align:left; padding-top:5px;\">\r\n      <label style=\"text-align:left;\" for=\"fscf_field7_15\">Za\u0161tita osobnih podataka<span style=\"text-align:left;\">\u00a0(obavezno)<\/span><\/label>\n    <\/div>\n    <div style=\"text-align:left;\">\n      <span><input type=\"radio\" style=\"width:13px;\" id=\"fscf_field7_15_1\" name=\"zastita_osobnih_podataka01\" value=\"1\" \/> <label style=\"display:inline;\" for=\"fscf_field7_15_1\">Da, sla\u017eem se da podatke koje sam utipkao\/la u obrazac poduze\u0107e Tiflonova d.o.o. koristi za obradu zahtjeva i da me kontaktira ako je potrebno<\/label><\/span><br \/>\n      <span><input type=\"radio\" style=\"width:13px;\" id=\"fscf_field7_15_2\" name=\"zastita_osobnih_podataka01\" value=\"2\" \/> <label style=\"display:inline;\" for=\"fscf_field7_15_2\">Ne sla\u017eem se (va\u0161 se zahtjev ne\u0107e mo\u0107i obraditi jer \u0107e podatci, koje ste utipkali, biti obrisani)<\/label><\/span>\n    <\/div>\n\n    <div style=\"clear:both;\"><\/div>\n<strong>Napomena:<\/strong><br \/>\r\nSvi prikupljeni podaci bit \u0107e upotrijebljeni da bismo obradili va\u0161 zahtjev u skladu s <a href=\"https:\/\/tiflonova.hr\/wp\/?page_id=3#content\">pravilima privatnosti<\/a> i ne\u0107e biti kori\u0161teni ni u koje druge svrhe.\n\n  <\/div>\n<\/div>\r\n<div style=\"clear:both;\"><\/div>\n\n<div id=\"fscf_submit_div7\" style=\"text-align:left; clear:both; padding-top:15px;\">\r\n\t\t<input type=\"submit\" id=\"fscf_submit7\" style=\"cursor:pointer; margin:0;\" value=\"Po\u0161alji\"  onclick=\"this.disabled=true; this.value='Slanje...'; this.form.submit();\" \/> \n<\/div>\n\n<input type=\"hidden\" name=\"fscf_submitted\" value=\"0\" \/>\n<input type=\"hidden\" name=\"fs_postonce_7\" value=\"66d823bf46d795d08a5dc93b346b88d4,1777288659\" \/>\n<input type=\"hidden\" name=\"si_contact_action\" value=\"send\" \/>\n<input type=\"hidden\" name=\"form_id\" value=\"7\" \/>\n<input type=\"hidden\" name=\"mailto_id\" value=\"1\" \/>\n\n<\/form>\n<\/div>\r\n<div style=\"clear:both;\"><\/div>\n\n<!-- Fast Secure Contact Form plugin 4.0.52 - end - FastSecureContactForm.com -->\n\n<p>Napomena: ako je Va\u0161 dokument ve\u0107i od 5 MB, postavite ga na Google Drive, Iskon Jumbo Mail ili sl., a nama u polje za poruku ostavite poveznicu za preuzimanje.<\/p>\n<hr \/>\n<h2>Nudimo:<\/h2>\n<ul>\n<li>Prevo\u0111enje sadr\u017eaja na Brailleovo pismo<\/li>\n<li>Braji\u010dne tiskarske usluge i grafi\u010dko oblikovanje<\/li>\n<li>Tiskanje Brailleovog sadr\u017eaja na papir<\/li>\n<li>Dizajn i ispis taktilnih crte\u017ea<\/li>\n<li>Uvezivanje<\/li>\n<li>Pripremu i izradu digitalnih Brailleovih knjiga (format: brl, brf, brx, bra&#8230;)<\/li>\n<li>Ra\u010dunalnu obradu teksta za maksimalnu digitalnu pristupa\u010dnost (pdf, epub, web, docx&#8230;)<\/li>\n<li>Grafi\u010dku obradu i ispis publikacije na uve\u0107ani tisak.<\/li>\n<\/ul>\n<h2>Na\u0161i proizvodi (na Brailleovom pismu i uve\u0107anom tisku)<\/h2>\n<ul>\n<li>Bro\u0161ure<\/li>\n<li>\u010casopisi<\/li>\n<li>\u010cestitke<\/li>\n<li>Deklaracije<\/li>\n<li>Digitalne Brailleove publikacije<\/li>\n<li>Digitalni pristupa\u010dni tekstni dokumenti<\/li>\n<li>Etikete<\/li>\n<li>Informacije (obavijesti)<\/li>\n<li>Jelovnici (vi\u0161ejezi\u010dni)<\/li>\n<li>Knjige<\/li>\n<li>Letci<\/li>\n<li>Letci s logotipom (uklj. EU lenta)<\/li>\n<li>Materijali za sastanke<\/li>\n<li>Posjetnice (vizitke)<\/li>\n<li>Pozivnice<\/li>\n<li>Promotivni materijali<\/li>\n<li>Slikovnice<\/li>\n<li>Taktilni crte\u017ei<\/li>\n<li>Ud\u017ebenici i ostali nastavni sadr\u017eaji<\/li>\n<li>Upute<\/li>\n<li>Zahvalnice<\/li>\n<\/ul>\n<div id=\"attachment_1106\" style=\"width: 324px\" class=\"wp-caption aligncenter\"><img loading=\"lazy\" decoding=\"async\" aria-describedby=\"caption-attachment-1106\" class=\" wp-image-1106\" src=\"https:\/\/tiflonova.hr\/wp\/wp-content\/uploads\/2025\/11\/IMG_2761-e1762430255227-300x221.jpg\" alt=\"\u010casopis na Brailleovom pismu\" width=\"314\" height=\"235\" \/><p id=\"caption-attachment-1106\" class=\"wp-caption-text\">\u010casopis na Brailleovom pismu<\/p><\/div>\n<div id=\"attachment_1117\" style=\"width: 211px\" class=\"wp-caption alignright\"><img loading=\"lazy\" decoding=\"async\" aria-describedby=\"caption-attachment-1117\" class=\"wp-image-1117 size-medium\" src=\"https:\/\/tiflonova.hr\/wp\/wp-content\/uploads\/2025\/11\/Termo-taktilni-crtez-2-1-e1762512119689-201x300.jpg\" alt=\"Termo-taktilni crte\u017e 2\" width=\"201\" height=\"300\" srcset=\"https:\/\/tiflonova.hr\/wp\/wp-content\/uploads\/2025\/11\/Termo-taktilni-crtez-2-1-e1762512119689-201x300.jpg 201w, https:\/\/tiflonova.hr\/wp\/wp-content\/uploads\/2025\/11\/Termo-taktilni-crtez-2-1-e1762512119689.jpg 499w\" sizes=\"auto, (max-width: 201px) 100vw, 201px\" \/><p id=\"caption-attachment-1117\" class=\"wp-caption-text\">Termo-taktilni crte\u017e 2<\/p><\/div>\n<div id=\"attachment_1104\" style=\"width: 230px\" class=\"wp-caption alignleft\"><img loading=\"lazy\" decoding=\"async\" aria-describedby=\"caption-attachment-1104\" class=\" wp-image-1104\" src=\"https:\/\/tiflonova.hr\/wp\/wp-content\/uploads\/2025\/11\/Brajicni-taktilni-crtez-212x300.jpg\" alt=\"Braji\u010dni taktilni crte\u017e\" width=\"220\" height=\"306\" \/><p id=\"caption-attachment-1104\" class=\"wp-caption-text\">Braji\u010dni taktilni crte\u017e<\/p><\/div>\n<p>&nbsp;<\/p>\n<p>&nbsp;<\/p>\n<p>&nbsp;<\/p>\n<p>&nbsp;<\/p>\n<p>&nbsp;<\/p>\n<p>&nbsp;<\/p>\n<p>&nbsp;<\/p>\n<p>&nbsp;<\/p>\n<p>&nbsp;<\/p>\n<p><strong>Tiskamo<\/strong> knjige i ostali materijal na Brailleovo pismo na kvalitetan papir koji jam\u010di trajnost i postojanost braji\u010dnih to\u010daka. Koristimo najsuvremenije tiskarske strojeve. Brajografi\u010dkim dizajnom osiguravamo oblikovanje prema me\u0111unarodnim standardima i suvremeni izgled otisnutog proizvoda na Brailleovom pismu.<\/p>\n<p><strong>Izra\u0111ujemo<\/strong> digitalne Brailleove knjige i publikacije uskla\u0111ene s hrvatskim standardom Brailleovog pisma koji se mogu \u010ditati na svim <a href=\"https:\/\/tiflonova.hr\/wp\/?page_id=507#content\">elektroni\u010dkim braji\u010dnim ure\u0111ajima za \u010ditanje i pisanje.<\/a><\/p>\n<p>Pravilna <strong>obrada teksta<\/strong> osigurava pristupa\u010dnost sadr\u017eaja u digitalnim dokumentima i na web stranicama kako bi ih mogle \u010ditati slijepe i slabovidne osobe koriste\u0107i tiflotehni\u010dko pomagalo. Slijepe osobe koriste \u010dita\u010de zaslona i elektroni\u010dke braji\u010dne ure\u0111aje za \u010ditanje, a slabovidne nao\u010dale u kombinaciji sa softverskim pove\u0107alima. Primjenjujemo VPATs i WCAG standarde.<\/p>\n<p>Stru\u010dnim <strong>grafi\u010dkim oblikovanjem<\/strong> uve\u0107anog tiska slabovidnim osobama prezentira se sadr\u017eaj u pristupa\u010dnom obliku za lak\u0161e \u010ditanje bez obzira koriste li nao\u010dale ili druga o\u010dna pomagala, poput lupa, opti\u010dkog pove\u0107ala ili elektroni\u010dkog pove\u0107ala. Uve\u0107ani tisak izuzetno je zahtjevan grafi\u010dki format.<\/p>\n<p><strong>Dostupnim izdava\u0161tvom s univerzalnim pristupom<\/strong> slijepim i slabovidnim osobama osiguravamo informacije, namjenjene javnosti, u prilago\u0111enim tehnikama (zvuk, uve\u0107ani tisak, Brailleovo pismo, digitalni dokumenti) i omogu\u0107avamo im ve\u0107u komunikacijsku samostalnost, br\u017ei pristup do informacija, pove\u0107anje op\u0107eg obrazovanja i informiranosti o doga\u0111anjima.<\/p>\n<hr \/>\n<h3>Navigacija<\/h3>\n<ul>\n<li><a href=\"https:\/\/tiflonova.hr\/wp\/#content\">Povratak na Po\u010detnu stranicu<\/a><\/li>\n<\/ul>\n","protected":false},"excerpt":{"rendered":"<p>&nbsp; &nbsp; &nbsp; &nbsp; &nbsp; &nbsp; &nbsp; &nbsp; Napomena: ako je Va\u0161 dokument ve\u0107i od 5 MB, postavite ga na Google Drive, Iskon Jumbo Mail ili sl., a nama u polje za poruku ostavite poveznicu za preuzimanje. Nudimo: Prevo\u0111enje sadr\u017eaja &hellip; <a href=\"https:\/\/tiflonova.hr\/wp\/?page_id=118\">Nastavi \u010ditati <span class=\"meta-nav\">&rarr;<\/span><\/a><\/p>\n","protected":false},"author":1,"featured_media":0,"parent":0,"menu_order":0,"comment_status":"closed","ping_status":"closed","template":"","meta":{"footnotes":""},"class_list":["post-118","page","type-page","status-publish","hentry"],"_links":{"self":[{"href":"https:\/\/tiflonova.hr\/wp\/index.php?rest_route=\/wp\/v2\/pages\/118","targetHints":{"allow":["GET"]}}],"collection":[{"href":"https:\/\/tiflonova.hr\/wp\/index.php?rest_route=\/wp\/v2\/pages"}],"about":[{"href":"https:\/\/tiflonova.hr\/wp\/index.php?rest_route=\/wp\/v2\/types\/page"}],"author":[{"embeddable":true,"href":"https:\/\/tiflonova.hr\/wp\/index.php?rest_route=\/wp\/v2\/users\/1"}],"replies":[{"embeddable":true,"href":"https:\/\/tiflonova.hr\/wp\/index.php?rest_route=%2Fwp%2Fv2%2Fcomments&post=118"}],"version-history":[{"count":18,"href":"https:\/\/tiflonova.hr\/wp\/index.php?rest_route=\/wp\/v2\/pages\/118\/revisions"}],"predecessor-version":[{"id":1119,"href":"https:\/\/tiflonova.hr\/wp\/index.php?rest_route=\/wp\/v2\/pages\/118\/revisions\/1119"}],"wp:attachment":[{"href":"https:\/\/tiflonova.hr\/wp\/index.php?rest_route=%2Fwp%2Fv2%2Fmedia&parent=118"}],"curies":[{"name":"wp","href":"https:\/\/api.w.org\/{rel}","templated":true}]}}