{"id":115,"date":"2025-01-27T10:01:44","date_gmt":"2025-01-27T09:01:44","guid":{"rendered":"https:\/\/tiflonova.hr\/wp\/?page_id=115"},"modified":"2025-01-27T10:35:26","modified_gmt":"2025-01-27T09:35:26","slug":"usluge","status":"publish","type":"page","link":"https:\/\/tiflonova.hr\/wp\/?page_id=115","title":{"rendered":"Usluge"},"content":{"rendered":"<p>Pru\u017eamo:<\/p>\n<h2>Tehni\u010dka prilagodba radnog mjesta<\/h2>\n<p>Prilagodba i opremanje radnog mjesta osobi s o\u0161te\u0107enjem vida veliki je izazov, ali kako to to\u010dno u\u010diniti?<\/p>\n<p>\u0160ifra za narud\u017ebu: 1010<br \/>\nOpis: Opi\u0161ite potrebu radnog mjesta za tehni\u010dkom prilagodbom ili po\u0161aljite popis odabranih pomagala.<br \/>\n<a href=\"https:\/\/tiflonova.hr\/wp\/?page_id=177#content\">Naru\u010dite sada&#8230;<\/a><\/p>\n<hr>\n<h2>Tehni\u010dka oprema za \u0161kolovanje i studiranje<\/h2>\n<p>Pa\u017eljivim odabirom opreme slijepoj i slabovidnoj djeci omogu\u0107ava se savladavanje fizi\u010dkih, tehni\u010dkih i digitalnih prepreka kojima su stalno izlo\u017eeni, zatim pravilnim izborom roditeljima zna\u010dajno se smanjuju tro\u0161kovi nabave i odr\u017eavanja opreme, a mi Vam nudimo pomo\u0107 i iskustvo.<\/p>\n<p>\u0160ifra za narud\u017ebu: 1020<br \/>\nOpis: Opi\u0161ite problem ili potrebu za tiflotehni\u010dkim pomagalom, priborom za \u0161kolu.<br \/>\n<a href=\"https:\/\/tiflonova.hr\/wp\/?page_id=177#content\">Naru\u010dite sada&#8230;<\/a><\/p>\n<hr>\n<h2>Instalacija, podr\u0161ka i odr\u017eavanje<\/h2>\n<p>Izvodimo ugradnju, instalaciju i odr\u017eavanje tiflotehni\u010dkih pomagala.<br \/>\nPru\u017eamo stru\u010dnu pomo\u0107 u tehni\u010dkoj podr\u0161ci i korisni\u010dkoj podr\u0161ci.<\/p>\n<p>\u0160ifra za narud\u017ebu: 1030<br \/>\n<a href=\"https:\/\/tiflonova.hr\/wp\/?page_id=177#content\">Naru\u010dite sada&#8230;<\/a><\/p>\n<hr>\n<h2>Postavljanje zna\u010dajki pristupa\u010dnosti (mobitel, ra\u010dunalo)<\/h2>\n<p>Zna\u010dajke pristupa\u010dnosti zahtjevaju postavljanje parametara na odre\u0111ene vrijednosti, instaliranje programskih biblioteka, isklju\u010divanje nepotrebnih animacija, alatnih traka, okna i postavljanje specifi\u010dnih mogu\u0107nosti ovisno o \u010dita\u010du zaslona, govornoj jedinici i programskom pove\u0107alu koje korisnik koristi.<br \/>\nPravilno postavljene zna\u010dajke pristupa\u010dnosti preduvjet su za ispravan rad \u010dita\u010da zaslona, programskog pove\u0107ala, govorne jedinice i izlaznih Brailleovih ure\u0111aja.<\/p>\n<p>\u0160ifra za narud\u017ebu &#8211; ra\u010dunalo: 1040<br \/>\n\u0160ifra za narud\u017ebu &#8211; mobitel: 1041<br \/>\nCijena: 50 EUR<br \/>\n<a href=\"https:\/\/tiflonova.hr\/wp\/?page_id=177#content\">Naru\u010dite sada&#8230;<\/a><\/p>\n<hr>\n<h2>Informati\u010dka poduka<\/h2>\n<p>Na\u0161i programi poduke omogu\u0107uju slijepim i slabovidnim osobama stjecanje samostalnosti u radu na ra\u010dunalu i mobitelu s \u010dita\u010dima zaslona i govornom funkcijom. Nudimo personaliziranu poduku, prilago\u0111enu potrebama i \u017eeljama svake osobe, izravno kod ku\u0107e, na radnom mjestu ili na daljinu.<\/p>\n<p>\u0160ifra za narud\u017ebu &#8211; op\u0107eniti upit: 1050<br \/>\n\u0160ifra za narud\u017ebu &#8211; osnovna poduka: 1051 (cijena 10 EUR\/h)<br \/>\n\u0160ifra za narud\u017ebu &#8211; napredna poduka: 1052 (cijena 15 EUR\/h)<br \/>\n\u0160ifra za narud\u017ebu &#8211; prilago\u0111ena poduka: 1053 (cijena 20 &#8211; 25 EUR\/h)<br \/>\n<a href=\"https:\/\/tiflonova.hr\/wp\/?page_id=177#content\">Naru\u010dite sada&#8230;<\/a><\/p>\n<hr>\n<h2>Tiflotehni\u010dka poduka<\/h2>\n<p>Na\u0161i individualizirani programi poduke pomo\u0107i \u0107e Vam dobro savladati kori\u0161tenje tiflotehni\u010dkog pomagala i upoznati njegove stvarne mogu\u0107nosti. Svako se tiflotehni\u010dko pomagalo isporu\u010duje s uputama. Bez obzira i na najbolje napisane upute, vrlo \u010desto pomo\u0107 stru\u010dne osobe i iskusnog korisnika olak\u0161ava savladavanje pravilnog rukovanja pomagalom te upoznavanje naprednih na\u010dina njegovog kori\u0161tenja.<\/p>\n<p>\u0160ifra za narud\u017ebu &#8211; op\u0107eniti upit: 1060<br \/>\n\u0160ifra za narud\u017ebu &#8211; osnovna poduka: 1061 (cijena 10 EUR\/h)<br \/>\n\u0160ifra za narud\u017ebu &#8211; prilago\u0111ena poduka: 1063 (cijena 20 &#8211; 25 EUR\/h)<br \/>\n<a href=\"https:\/\/tiflonova.hr\/wp\/?page_id=177#content\">Naru\u010dite sada&#8230;<\/a><\/p>\n<hr>\n<p><strong>Napomena:<\/strong> Sve su cijene informativne prirode.<\/p>\n<hr>\n<h3>Navigacija<\/h3>\n<ul>\n<li><a href=\"https:\/\/tiflonova.hr\/wp\/#content\">Povratak na <strong>Po\u010detnu stranicu<\/strong><\/a><\/li>\n<\/ul>\n","protected":false},"excerpt":{"rendered":"<p>Pru\u017eamo: Tehni\u010dka prilagodba radnog mjesta Prilagodba i opremanje radnog mjesta osobi s o\u0161te\u0107enjem vida veliki je izazov, ali kako to to\u010dno u\u010diniti? \u0160ifra za narud\u017ebu: 1010 Opis: Opi\u0161ite potrebu radnog mjesta za tehni\u010dkom prilagodbom ili po\u0161aljite popis odabranih pomagala. Naru\u010dite &hellip; <a href=\"https:\/\/tiflonova.hr\/wp\/?page_id=115\">Nastavi \u010ditati <span class=\"meta-nav\">&rarr;<\/span><\/a><\/p>\n","protected":false},"author":1,"featured_media":0,"parent":0,"menu_order":0,"comment_status":"closed","ping_status":"closed","template":"","meta":{"footnotes":""},"class_list":["post-115","page","type-page","status-publish","hentry"],"_links":{"self":[{"href":"https:\/\/tiflonova.hr\/wp\/index.php?rest_route=\/wp\/v2\/pages\/115","targetHints":{"allow":["GET"]}}],"collection":[{"href":"https:\/\/tiflonova.hr\/wp\/index.php?rest_route=\/wp\/v2\/pages"}],"about":[{"href":"https:\/\/tiflonova.hr\/wp\/index.php?rest_route=\/wp\/v2\/types\/page"}],"author":[{"embeddable":true,"href":"https:\/\/tiflonova.hr\/wp\/index.php?rest_route=\/wp\/v2\/users\/1"}],"replies":[{"embeddable":true,"href":"https:\/\/tiflonova.hr\/wp\/index.php?rest_route=%2Fwp%2Fv2%2Fcomments&post=115"}],"version-history":[{"count":7,"href":"https:\/\/tiflonova.hr\/wp\/index.php?rest_route=\/wp\/v2\/pages\/115\/revisions"}],"predecessor-version":[{"id":219,"href":"https:\/\/tiflonova.hr\/wp\/index.php?rest_route=\/wp\/v2\/pages\/115\/revisions\/219"}],"wp:attachment":[{"href":"https:\/\/tiflonova.hr\/wp\/index.php?rest_route=%2Fwp%2Fv2%2Fmedia&parent=115"}],"curies":[{"name":"wp","href":"https:\/\/api.w.org\/{rel}","templated":true}]}}