{"id":1129,"date":"2026-02-05T07:01:07","date_gmt":"2026-02-05T06:01:07","guid":{"rendered":"https:\/\/tiflonova.hr\/wp\/?page_id=1129"},"modified":"2026-02-05T08:18:03","modified_gmt":"2026-02-05T07:18:03","slug":"govorno-zvucni-signalizatori","status":"publish","type":"page","link":"https:\/\/tiflonova.hr\/wp\/?page_id=1129","title":{"rendered":"Govorno-zvu\u010dni signalizatori &#8211; mobilitet"},"content":{"rendered":"<h1><a href=\"https:\/\/tiflonova.hr\/wp\/?page_id=1126#content\">NAVIGUEO+ HIFI govorno-zvu\u010dni signalizator<\/a><\/h1>\n<p><img loading=\"lazy\" decoding=\"async\" class=\"alignnone wp-image-1141 size-medium\" src=\"https:\/\/tiflonova.hr\/wp\/wp-content\/uploads\/2025\/11\/Signalizator-prikaz-iz-bliza-e1762861631845-300x300.jpeg\" alt=\"Signalizator-prikaz iz bliza\" width=\"300\" height=\"300\" srcset=\"https:\/\/tiflonova.hr\/wp\/wp-content\/uploads\/2025\/11\/Signalizator-prikaz-iz-bliza-e1762861631845-300x300.jpeg 300w, https:\/\/tiflonova.hr\/wp\/wp-content\/uploads\/2025\/11\/Signalizator-prikaz-iz-bliza-e1762861631845-150x150.jpeg 150w, https:\/\/tiflonova.hr\/wp\/wp-content\/uploads\/2025\/11\/Signalizator-prikaz-iz-bliza-e1762861631845.jpeg 1000w\" sizes=\"auto, (max-width: 300px) 100vw, 300px\" \/><\/p>\n<p>\u2013 olak\u0161ajte osobama s o\u0161te\u0107enjem vida pronalazak va\u0161eg ulaza<\/p>\n<p>Prije nego \u0161to osoba s o\u0161te\u0107enjem vida mo\u017ee u\u017eivati u va\u0161em prostoru, najprije mora to\u010dno locirati njegov ulaz. Ostavite dobar prvi dojam i omogu\u0107ite im jednostavniji pristup pomo\u0107u govorno-zvu\u010dnog signalizatora.<br \/>\n<a href=\"https:\/\/tiflonova.hr\/wp\/?page_id=1126#content\">Op\u0161irnije&#8230;<\/a><\/p>\n<p>Cijena: 949,95 EUR * (prilago\u0111en i unaprijed konfiguriran prema Va\u0161im specifikacijama)<br \/>\n\u0160ifra za narud\u017ebu: 26501<br \/>\n<a href=\"https:\/\/tiflonova.hr\/wp\/?page_id=177#content\">Naru\u010dite sada&#8230;.<\/a><\/p>\n<hr \/>\n<h1><a href=\"https:\/\/tiflonova.hr\/wp\/?page_id=1126#content\">NAVIGUEO+ HIFI govorno-zvu\u010dni signalizator &#8211; vi\u0161ejezi\u010dni<\/a><\/h1>\n<p><img loading=\"lazy\" decoding=\"async\" class=\"alignnone size-medium wp-image-1139\" src=\"https:\/\/tiflonova.hr\/wp\/wp-content\/uploads\/2025\/11\/Signalizator-montiran-na-ulazu-300x230.jpeg\" alt=\"Signalizator montiran na ulazu\" width=\"300\" height=\"230\" srcset=\"https:\/\/tiflonova.hr\/wp\/wp-content\/uploads\/2025\/11\/Signalizator-montiran-na-ulazu-300x230.jpeg 300w, https:\/\/tiflonova.hr\/wp\/wp-content\/uploads\/2025\/11\/Signalizator-montiran-na-ulazu-1024x786.jpeg 1024w, https:\/\/tiflonova.hr\/wp\/wp-content\/uploads\/2025\/11\/Signalizator-montiran-na-ulazu-768x590.jpeg 768w, https:\/\/tiflonova.hr\/wp\/wp-content\/uploads\/2025\/11\/Signalizator-montiran-na-ulazu-391x300.jpeg 391w, https:\/\/tiflonova.hr\/wp\/wp-content\/uploads\/2025\/11\/Signalizator-montiran-na-ulazu.jpeg 1080w\" sizes=\"auto, (max-width: 300px) 100vw, 300px\" \/><\/p>\n<p>\u2013 olak\u0161ajte doma\u0107im i stranim osobama s o\u0161te\u0107enjem vida pronalazak va\u0161eg ulaza<\/p>\n<p>NAVIGUEO+ HIFI govorno-zvu\u010dni signalizator s glasovnim porukama na vi\u0161e stranih jezika (HR + EN \/ DE \/ IT \/ FR&#8230;) &#8211; maks. 3.<br \/>\nKorisnik u aplikaciji za pametni telefon MyMoveo sam odabire jezik glasovne poruke ili \u0107e glasovna poruka biti emitirana na jeziku telefona.<br \/>\n<a href=\"https:\/\/tiflonova.hr\/wp\/?page_id=1126#content\">Op\u0161irnije&#8230;<\/a><\/p>\n<p>Cijena: 1.100,95 EUR * (prilago\u0111en i unaprijed konfiguriran prema Va\u0161im specifikacijama)<br \/>\n\u0160ifra za narud\u017ebu: 26502<br \/>\n<a href=\"https:\/\/tiflonova.hr\/wp\/?page_id=177#content\">Naru\u010dite sada&#8230;.<\/a><\/p>\n<hr \/>\n<h1>Daljinski upravlja\u010d za NAVIGUEO+ HIFI<\/h1>\n<p><img loading=\"lazy\" decoding=\"async\" class=\"alignnone size-full wp-image-1154\" src=\"https:\/\/tiflonova.hr\/wp\/wp-content\/uploads\/2025\/11\/Daljinski-upravljac-z-agovorni-signalizator-e1762862629778.png\" alt=\"Daljinski upravlja\u010d za govorni signalizator\" width=\"100\" height=\"97\" \/><\/p>\n<p>Daljinski upravlja\u010d za NAVIGUEO+ HIFI u skladu s FR standardom pristupa\u010dnosti NFS32-002<\/p>\n<p>Cijena: 64,08 EUR<br \/>\n\u0160ifra za narud\u017ebu: 26503<br \/>\n<a href=\"https:\/\/tiflonova.hr\/wp\/?page_id=177#content\">Naru\u010dite sada&#8230;.<\/a><\/p>\n<hr \/>\n<p><em>* Cijena je informativna, promjenjiva i ne predstavlja obvezuju\u0107u ponudu. Raspolo\u017eivost i cijenu potvr\u0111ujemo po primitku i obradi narud\u017ebe.<\/em><\/p>\n<hr \/>\n<h3>Navigacija<\/h3>\n<ul>\n<li><a href=\"https:\/\/tiflonova.hr\/wp\/?page_id=280\">Povratak na po\u010detnu <strong>Tiflonova trgovina<\/strong><\/a><\/li>\n<\/ul>\n","protected":false},"excerpt":{"rendered":"<p>NAVIGUEO+ HIFI govorno-zvu\u010dni signalizator \u2013 olak\u0161ajte osobama s o\u0161te\u0107enjem vida pronalazak va\u0161eg ulaza Prije nego \u0161to osoba s o\u0161te\u0107enjem vida mo\u017ee u\u017eivati u va\u0161em prostoru, najprije mora to\u010dno locirati njegov ulaz. Ostavite dobar prvi dojam i omogu\u0107ite im jednostavniji pristup &hellip; <a href=\"https:\/\/tiflonova.hr\/wp\/?page_id=1129\">Nastavi \u010ditati <span class=\"meta-nav\">&rarr;<\/span><\/a><\/p>\n","protected":false},"author":1,"featured_media":0,"parent":280,"menu_order":0,"comment_status":"closed","ping_status":"closed","template":"","meta":{"footnotes":""},"class_list":["post-1129","page","type-page","status-publish","hentry"],"_links":{"self":[{"href":"https:\/\/tiflonova.hr\/wp\/index.php?rest_route=\/wp\/v2\/pages\/1129","targetHints":{"allow":["GET"]}}],"collection":[{"href":"https:\/\/tiflonova.hr\/wp\/index.php?rest_route=\/wp\/v2\/pages"}],"about":[{"href":"https:\/\/tiflonova.hr\/wp\/index.php?rest_route=\/wp\/v2\/types\/page"}],"author":[{"embeddable":true,"href":"https:\/\/tiflonova.hr\/wp\/index.php?rest_route=\/wp\/v2\/users\/1"}],"replies":[{"embeddable":true,"href":"https:\/\/tiflonova.hr\/wp\/index.php?rest_route=%2Fwp%2Fv2%2Fcomments&post=1129"}],"version-history":[{"count":8,"href":"https:\/\/tiflonova.hr\/wp\/index.php?rest_route=\/wp\/v2\/pages\/1129\/revisions"}],"predecessor-version":[{"id":1250,"href":"https:\/\/tiflonova.hr\/wp\/index.php?rest_route=\/wp\/v2\/pages\/1129\/revisions\/1250"}],"up":[{"embeddable":true,"href":"https:\/\/tiflonova.hr\/wp\/index.php?rest_route=\/wp\/v2\/pages\/280"}],"wp:attachment":[{"href":"https:\/\/tiflonova.hr\/wp\/index.php?rest_route=%2Fwp%2Fv2%2Fmedia&parent=1129"}],"curies":[{"name":"wp","href":"https:\/\/api.w.org\/{rel}","templated":true}]}}