{"id":1052,"date":"2025-09-22T12:11:49","date_gmt":"2025-09-22T10:11:49","guid":{"rendered":"https:\/\/tiflonova.hr\/wp\/?page_id=1052"},"modified":"2025-09-22T13:23:54","modified_gmt":"2025-09-22T11:23:54","slug":"govorni-moj-termometar-unutarnje-i-vanjske-temperature-i-sa-senzor-sondom-10-jezika","status":"publish","type":"page","link":"https:\/\/tiflonova.hr\/wp\/?page_id=1052","title":{"rendered":"MyDegrees vi\u0161enamjenski govorni termometar unutarnje i vanjske temperature i sa senzor-sondom, 10 jezika"},"content":{"rendered":"<h3>Narud\u017eba<\/h3>\n<ul>\n<li>Cijena: 148,95 EUR<\/li>\n<li>\u0160ifra za narud\u017ebu: 24401<\/li>\n<li><a href=\"https:\/\/tiflonova.hr\/wp\/?page_id=177#content\">Naru\u010dite sada&#8230;.<\/a><\/li>\n<\/ul>\n<hr \/>\n<p><img loading=\"lazy\" decoding=\"async\" class=\"alignnone size-medium wp-image-1064\" src=\"https:\/\/tiflonova.hr\/wp\/wp-content\/uploads\/2025\/07\/Moj_termometar-300x259.jpg\" alt=\"Moj termometar\" width=\"300\" height=\"259\" srcset=\"https:\/\/tiflonova.hr\/wp\/wp-content\/uploads\/2025\/07\/Moj_termometar-300x259.jpg 300w, https:\/\/tiflonova.hr\/wp\/wp-content\/uploads\/2025\/07\/Moj_termometar-1024x883.jpg 1024w, https:\/\/tiflonova.hr\/wp\/wp-content\/uploads\/2025\/07\/Moj_termometar-768x662.jpg 768w, https:\/\/tiflonova.hr\/wp\/wp-content\/uploads\/2025\/07\/Moj_termometar-1536x1325.jpg 1536w, https:\/\/tiflonova.hr\/wp\/wp-content\/uploads\/2025\/07\/Moj_termometar-2048x1767.jpg 2048w, https:\/\/tiflonova.hr\/wp\/wp-content\/uploads\/2025\/07\/Moj_termometar-348x300.jpg 348w\" sizes=\"auto, (max-width: 300px) 100vw, 300px\" \/><\/p>\n<p><strong>MyDegrees vi\u0161enamjenski govorni termometar<\/strong> je govorni termometar unutarnje i vanjske temperature i sa senzor-sondom za pe\u010dnicu, hladnjak, zamrziva\u010d, teku\u0107ine, kuhanje<br \/>\nPrirodni glas<br \/>\n10 razli\u010ditih jezika<\/p>\n<p>Poslu\u0161ajte glas &#8211; engleski<\/p>\n<audio class=\"wp-audio-shortcode\" id=\"audio-1052-1\" preload=\"none\" style=\"width: 100%;\" controls=\"controls\"><source type=\"audio\/mpeg\" src=\"https:\/\/tiflonova.hr\/downloads\/audio\/MyDegreesEnglish.mp3?_=1\" \/><a href=\"https:\/\/tiflonova.hr\/downloads\/audio\/MyDegreesEnglish.mp3\">https:\/\/tiflonova.hr\/downloads\/audio\/MyDegreesEnglish.mp3<\/a><\/audio>\n<p><strong>MyDegrees vi\u0161enamjenski govorni termometar<\/strong> &#8211; multifunkcijski visokokvalitetni govorni termometar s mjernim rasponom temperature izme\u0111u -29 (minus 29) \u00b0C do 240 \u00b0C.<\/p>\n<p><img loading=\"lazy\" decoding=\"async\" class=\"alignnone size-medium wp-image-1067\" src=\"https:\/\/tiflonova.hr\/wp\/wp-content\/uploads\/2025\/07\/Moj_termometar_senzor_sonda-198x300.jpg\" alt=\"Moj termometar senzor sonda\" width=\"198\" height=\"300\" srcset=\"https:\/\/tiflonova.hr\/wp\/wp-content\/uploads\/2025\/07\/Moj_termometar_senzor_sonda-198x300.jpg 198w, https:\/\/tiflonova.hr\/wp\/wp-content\/uploads\/2025\/07\/Moj_termometar_senzor_sonda-675x1024.jpg 675w, https:\/\/tiflonova.hr\/wp\/wp-content\/uploads\/2025\/07\/Moj_termometar_senzor_sonda-768x1165.jpg 768w, https:\/\/tiflonova.hr\/wp\/wp-content\/uploads\/2025\/07\/Moj_termometar_senzor_sonda-1013x1536.jpg 1013w, https:\/\/tiflonova.hr\/wp\/wp-content\/uploads\/2025\/07\/Moj_termometar_senzor_sonda-1350x2048.jpg 1350w, https:\/\/tiflonova.hr\/wp\/wp-content\/uploads\/2025\/07\/Moj_termometar_senzor_sonda-scaled.jpg 1688w\" sizes=\"auto, (max-width: 198px) 100vw, 198px\" \/><\/p>\n<p><strong>Funkcije:<\/strong><\/p>\n<ul>\n<li>Mjerenje vanjske temperature s be\u017ei\u010dnom vezom izme\u0111u oda\u0161ilja\u010da i prijemnika<\/li>\n<li>Mjerenje unutarnje temperature<\/li>\n<li>Termometar za pe\u0107nicu i pe\u010denje sa senzor-sondom koja mo\u017ee izdr\u017eati temperaturu do 240 \u00b0C. Funkcija ogla\u0161avanje alarmom kada se postigne postavljena temperatura.<\/li>\n<li>Senzor-sonda mo\u017ee izmjeriti temperaturu teku\u0107ina i temperature u drugim podru\u010djima kao npr. temperatura u hladnjaku i zamrziva\u010du.<\/li>\n<\/ul>\n<p><strong>Ostalo:<\/strong><\/p>\n<ul>\n<li>Govorni Moj termometar izmjerenu temperaturu najavljuje prirodnim glasom na 10 razli\u010ditih jezika, \u017eeljeni se jezik odabire po \u017eelji.<\/li>\n<li>Podesiva glasno\u0107a govora<\/li>\n<li>Unutarnja i vanjska jedinica mogu se pri\u010dvrstiti \u010di\u010dak-vrpcom<\/li>\n<li>Unutarnja jedinica s magnetskim poklopcem &#8211; pri\u010dvrstite termometar na hladnjak ili metalnu plo\u010du<\/li>\n<\/ul>\n<p><strong>Jezik \/ govor<\/strong>: engleski, njema\u010dki, francuski, talijanski, \u0161panjolski, danski, nizozemski, finski, norve\u0161ki, \u0161vedski<\/p>\n<p><strong>Dimenzije glavne jedinice:<\/strong><br \/>\nVisina: 13 cm<br \/>\n\u0160irina: 6 cm<br \/>\nDebljina: 1,5 cm<\/p>\n<p><img loading=\"lazy\" decoding=\"async\" class=\"alignnone size-medium wp-image-1066\" src=\"https:\/\/tiflonova.hr\/wp\/wp-content\/uploads\/2025\/07\/Moj_termometar_glavna_jedinica-228x300.jpg\" alt=\"Moj termometar glavna jedinica\" width=\"228\" height=\"300\" srcset=\"https:\/\/tiflonova.hr\/wp\/wp-content\/uploads\/2025\/07\/Moj_termometar_glavna_jedinica-228x300.jpg 228w, https:\/\/tiflonova.hr\/wp\/wp-content\/uploads\/2025\/07\/Moj_termometar_glavna_jedinica-777x1024.jpg 777w, https:\/\/tiflonova.hr\/wp\/wp-content\/uploads\/2025\/07\/Moj_termometar_glavna_jedinica-768x1012.jpg 768w, https:\/\/tiflonova.hr\/wp\/wp-content\/uploads\/2025\/07\/Moj_termometar_glavna_jedinica-1166x1536.jpg 1166w, https:\/\/tiflonova.hr\/wp\/wp-content\/uploads\/2025\/07\/Moj_termometar_glavna_jedinica-1555x2048.jpg 1555w, https:\/\/tiflonova.hr\/wp\/wp-content\/uploads\/2025\/07\/Moj_termometar_glavna_jedinica-scaled.jpg 1943w\" sizes=\"auto, (max-width: 228px) 100vw, 228px\" \/> <img loading=\"lazy\" decoding=\"async\" class=\"alignnone size-medium wp-image-1065\" src=\"https:\/\/tiflonova.hr\/wp\/wp-content\/uploads\/2025\/07\/Moj_termometar_bocna_strana-94x300.jpg\" alt=\"Moj termometar bo\u010dna strana\" width=\"94\" height=\"300\" srcset=\"https:\/\/tiflonova.hr\/wp\/wp-content\/uploads\/2025\/07\/Moj_termometar_bocna_strana-94x300.jpg 94w, https:\/\/tiflonova.hr\/wp\/wp-content\/uploads\/2025\/07\/Moj_termometar_bocna_strana-320x1024.jpg 320w, https:\/\/tiflonova.hr\/wp\/wp-content\/uploads\/2025\/07\/Moj_termometar_bocna_strana-768x2455.jpg 768w, https:\/\/tiflonova.hr\/wp\/wp-content\/uploads\/2025\/07\/Moj_termometar_bocna_strana-480x1536.jpg 480w, https:\/\/tiflonova.hr\/wp\/wp-content\/uploads\/2025\/07\/Moj_termometar_bocna_strana-641x2048.jpg 641w, https:\/\/tiflonova.hr\/wp\/wp-content\/uploads\/2025\/07\/Moj_termometar_bocna_strana-scaled.jpg 801w\" sizes=\"auto, (max-width: 94px) 100vw, 94px\" \/><\/p>\n<p>&nbsp;<\/p>\n<p><strong>Dimenzije vanjske jedinice:<\/strong><br \/>\nVisina: 10 cm<br \/>\n\u0160irina: 5 cm<br \/>\nDebljina: 1,5 cm<\/p>\n<p><img loading=\"lazy\" decoding=\"async\" class=\"alignnone size-medium wp-image-1068\" src=\"https:\/\/tiflonova.hr\/wp\/wp-content\/uploads\/2025\/07\/Moj_termometar_vanjska_jedinica-292x300.jpg\" alt=\"Moj termometar vanjska jedinica\" width=\"292\" height=\"300\" srcset=\"https:\/\/tiflonova.hr\/wp\/wp-content\/uploads\/2025\/07\/Moj_termometar_vanjska_jedinica-292x300.jpg 292w, https:\/\/tiflonova.hr\/wp\/wp-content\/uploads\/2025\/07\/Moj_termometar_vanjska_jedinica-995x1024.jpg 995w, https:\/\/tiflonova.hr\/wp\/wp-content\/uploads\/2025\/07\/Moj_termometar_vanjska_jedinica-768x790.jpg 768w, https:\/\/tiflonova.hr\/wp\/wp-content\/uploads\/2025\/07\/Moj_termometar_vanjska_jedinica-1493x1536.jpg 1493w, https:\/\/tiflonova.hr\/wp\/wp-content\/uploads\/2025\/07\/Moj_termometar_vanjska_jedinica-1990x2048.jpg 1990w\" sizes=\"auto, (max-width: 292px) 100vw, 292px\" \/><\/p>\n<p>Jamstvo: 12 mjeseci<\/p>\n<p>Zemlja podrijetla: \u0160vedska<\/p>\n<hr \/>\n<h3>Navigacija<\/h3>\n<ul>\n<li><a href=\"https:\/\/tiflonova.hr\/wp\/?page_id=306\">Povratak na <strong>Pomagala za doma\u0107instvo<\/strong><\/a><\/li>\n<li><a href=\"https:\/\/tiflonova.hr\/wp\/?page_id=316\">Povratak na <strong>Razli\u010dita pomagala<\/strong><\/a><\/li>\n<\/ul>\n","protected":false},"excerpt":{"rendered":"<p>Narud\u017eba Cijena: 148,95 EUR \u0160ifra za narud\u017ebu: 24401 Naru\u010dite sada&#8230;. MyDegrees vi\u0161enamjenski govorni termometar je govorni termometar unutarnje i vanjske temperature i sa senzor-sondom za pe\u010dnicu, hladnjak, zamrziva\u010d, teku\u0107ine, kuhanje Prirodni glas 10 razli\u010ditih jezika Poslu\u0161ajte glas &#8211; engleski MyDegrees &hellip; <a href=\"https:\/\/tiflonova.hr\/wp\/?page_id=1052\">Nastavi \u010ditati <span class=\"meta-nav\">&rarr;<\/span><\/a><\/p>\n","protected":false},"author":1,"featured_media":0,"parent":316,"menu_order":0,"comment_status":"closed","ping_status":"closed","template":"","meta":{"footnotes":""},"class_list":["post-1052","page","type-page","status-publish","hentry"],"_links":{"self":[{"href":"https:\/\/tiflonova.hr\/wp\/index.php?rest_route=\/wp\/v2\/pages\/1052","targetHints":{"allow":["GET"]}}],"collection":[{"href":"https:\/\/tiflonova.hr\/wp\/index.php?rest_route=\/wp\/v2\/pages"}],"about":[{"href":"https:\/\/tiflonova.hr\/wp\/index.php?rest_route=\/wp\/v2\/types\/page"}],"author":[{"embeddable":true,"href":"https:\/\/tiflonova.hr\/wp\/index.php?rest_route=\/wp\/v2\/users\/1"}],"replies":[{"embeddable":true,"href":"https:\/\/tiflonova.hr\/wp\/index.php?rest_route=%2Fwp%2Fv2%2Fcomments&post=1052"}],"version-history":[{"count":5,"href":"https:\/\/tiflonova.hr\/wp\/index.php?rest_route=\/wp\/v2\/pages\/1052\/revisions"}],"predecessor-version":[{"id":1085,"href":"https:\/\/tiflonova.hr\/wp\/index.php?rest_route=\/wp\/v2\/pages\/1052\/revisions\/1085"}],"up":[{"embeddable":true,"href":"https:\/\/tiflonova.hr\/wp\/index.php?rest_route=\/wp\/v2\/pages\/316"}],"wp:attachment":[{"href":"https:\/\/tiflonova.hr\/wp\/index.php?rest_route=%2Fwp%2Fv2%2Fmedia&parent=1052"}],"curies":[{"name":"wp","href":"https:\/\/api.w.org\/{rel}","templated":true}]}}