{"id":1001,"date":"2026-01-28T07:01:29","date_gmt":"2026-01-28T06:01:29","guid":{"rendered":"https:\/\/tiflonova.hr\/wp\/?page_id=1001"},"modified":"2026-01-28T09:02:36","modified_gmt":"2026-01-28T08:02:36","slug":"evo-s10-super-10-govorni-reproduktor-daisy-zvucnih-i-tekstnih-knjiga","status":"publish","type":"page","link":"https:\/\/tiflonova.hr\/wp\/?page_id=1001","title":{"rendered":"Govorni reproduktor Evo S10 (Super 10) DAISY, zvu\u010dnih i tekstnih knjiga verzija 2026"},"content":{"rendered":"<h3>Narud\u017eba<\/h3>\n<ul>\n<li>Cijena: 315,95 EUR<\/li>\n<li>\u0160ifra za narud\u017ebu: 27001<\/li>\n<li><a href=\"https:\/\/tiflonova.hr\/wp\/?page_id=177#content\">Naru\u010dite sada&#8230;.<\/a><\/li>\n<\/ul>\n<hr \/>\n<p><img loading=\"lazy\" decoding=\"async\" class=\"alignnone size-medium wp-image-1016\" src=\"https:\/\/tiflonova.hr\/wp\/wp-content\/uploads\/2025\/06\/Evo-S10-DAISY-Player-1-152x300.jpg\" alt=\"Evo S10 DAISY Player 1 prednja strana\" width=\"152\" height=\"300\" srcset=\"https:\/\/tiflonova.hr\/wp\/wp-content\/uploads\/2025\/06\/Evo-S10-DAISY-Player-1-152x300.jpg 152w, https:\/\/tiflonova.hr\/wp\/wp-content\/uploads\/2025\/06\/Evo-S10-DAISY-Player-1-519x1024.jpg 519w, https:\/\/tiflonova.hr\/wp\/wp-content\/uploads\/2025\/06\/Evo-S10-DAISY-Player-1-768x1515.jpg 768w, https:\/\/tiflonova.hr\/wp\/wp-content\/uploads\/2025\/06\/Evo-S10-DAISY-Player-1-779x1536.jpg 779w, https:\/\/tiflonova.hr\/wp\/wp-content\/uploads\/2025\/06\/Evo-S10-DAISY-Player-1-1038x2048.jpg 1038w, https:\/\/tiflonova.hr\/wp\/wp-content\/uploads\/2025\/06\/Evo-S10-DAISY-Player-1.jpg 1280w\" sizes=\"auto, (max-width: 152px) 100vw, 152px\" \/> <img loading=\"lazy\" decoding=\"async\" class=\"alignnone size-medium wp-image-1018\" src=\"https:\/\/tiflonova.hr\/wp\/wp-content\/uploads\/2025\/06\/Evo-S10-DAISY-Player-3-162x300.jpg\" alt=\"Evo S10 DAISY Player 3 stra\u017enja strana\" width=\"162\" height=\"300\" srcset=\"https:\/\/tiflonova.hr\/wp\/wp-content\/uploads\/2025\/06\/Evo-S10-DAISY-Player-3-162x300.jpg 162w, https:\/\/tiflonova.hr\/wp\/wp-content\/uploads\/2025\/06\/Evo-S10-DAISY-Player-3-553x1024.jpg 553w, https:\/\/tiflonova.hr\/wp\/wp-content\/uploads\/2025\/06\/Evo-S10-DAISY-Player-3-768x1422.jpg 768w, https:\/\/tiflonova.hr\/wp\/wp-content\/uploads\/2025\/06\/Evo-S10-DAISY-Player-3-830x1536.jpg 830w, https:\/\/tiflonova.hr\/wp\/wp-content\/uploads\/2025\/06\/Evo-S10-DAISY-Player-3.jpg 1024w\" sizes=\"auto, (max-width: 162px) 100vw, 162px\" \/><img loading=\"lazy\" decoding=\"async\" class=\"alignnone size-medium wp-image-1017\" src=\"https:\/\/tiflonova.hr\/wp\/wp-content\/uploads\/2025\/06\/Evo-S10-DAISY-Player-2-300x114.jpg\" alt=\"Evo S10 DAISY Player 2 bo\u010dna strana s priklju\u010dcima\" width=\"300\" height=\"114\" srcset=\"https:\/\/tiflonova.hr\/wp\/wp-content\/uploads\/2025\/06\/Evo-S10-DAISY-Player-2-300x114.jpg 300w, https:\/\/tiflonova.hr\/wp\/wp-content\/uploads\/2025\/06\/Evo-S10-DAISY-Player-2-1024x388.jpg 1024w, https:\/\/tiflonova.hr\/wp\/wp-content\/uploads\/2025\/06\/Evo-S10-DAISY-Player-2-768x291.jpg 768w, https:\/\/tiflonova.hr\/wp\/wp-content\/uploads\/2025\/06\/Evo-S10-DAISY-Player-2-1536x582.jpg 1536w, https:\/\/tiflonova.hr\/wp\/wp-content\/uploads\/2025\/06\/Evo-S10-DAISY-Player-2-2048x776.jpg 2048w, https:\/\/tiflonova.hr\/wp\/wp-content\/uploads\/2025\/06\/Evo-S10-DAISY-Player-2-500x189.jpg 500w\" sizes=\"auto, (max-width: 300px) 100vw, 300px\" \/><\/p>\n<p><strong>Govorni reproduktor Evo S10 DAISY HR<\/strong><br \/>\nVi\u0161ejezi\u010dni govorni reproduktor i snima\u010d zvu\u010dnih knjiga u DAISY formatu za slijepe osobe<\/p>\n<p>Reproduktor DAISY knjiga: DAISY 2.02 i DAISY 3.0 tekst i zvuk<\/p>\n<p>Reproduktor zvu\u010dnih knjiga: reproducira sve standardne formate (.mp3, .wav, .wma, .ogg, .aac&#8230;)<\/p>\n<p>Reproduktor i \u010dita\u010d e-knjiga: podr\u017eani svi popularni tekstni formati (word, pdf, epub, web&#8230;)<\/p>\n<p>Snima\u010d u WAV, MP3 i OGG formatu u stereo i mono zapisu bez ograni\u010denja u trajanju<\/p>\n<p>FM radio, Internet radio, Podcast, Video reproduktor, reproduktor glazbe i zvu\u010dnih zapisa<\/p>\n<p>Govorni sat i kalendar, podsjetnik, bilje\u0161ke, kompas, kalkulator<\/p>\n<p>Mre\u017ea: Wi-Fi, Bluetooth (za slu\u0161alice i pametni zvu\u010dnik)<\/p>\n<p>Pohrana: Lokalni disk od 32 GB te memorijska SD kartica i USB stick bez ograni\u010denja u kapacitetu<\/p>\n<p>Sintetizator govora temeljen na prirodnom, lako razumljivom ljudskom glasu \u010dita stavke izbornika, poruke sustava, tekstne knjige<\/p>\n<p>Podr\u017eani TTS: <strong>Vocalizer TTS<\/strong> za hrvatski, engleski, njema\u010dki i talijanski; multijezi\u010dni <strong>eSpeak TTS<\/strong> i <strong>RHVoice TTS<\/strong> za hrvatski (glas Karmela i glas Marija, srpski (glas Dragana) i makedonski jezik<\/p>\n<p>Trgovina aplikacija s dodatnim aplikacijama koje pro\u0161iruju funkcionalnosti i mogu\u0107nosti govornog reproduktora.<\/p>\n<p>Veli\u010dine manjeg mobitela i dugotrajna punjiva baterija osiguravaju slu\u0161anje na putu, kori\u0161tenje na nastavi\/predavanju &#8211; jedinstveno pomagalo i poklon.<\/p>\n<p><strong>Va\u017enije zna\u010dajke:<\/strong><\/p>\n<ul>\n<li>Mali, kompaktan, vrlo sna\u017ean reproduktor<\/li>\n<li>Tipke s taktilnim oznakama, govorni izlaz, glasni zvu\u010dnik<\/li>\n<li>Pogoni: lokalni disk, USB, memorijska kartica<\/li>\n<li>Povezivanje: Bluetooth, Wi-Fi, USB, OTG<\/li>\n<li>Priklju\u010dci: ugra\u0111eni zvu\u010dnik, ugra\u0111eni stereo mikrofon, 3,5 priklju\u010dnice za slu\u0161alice i mikrofon, Bluetooth slu\u0161alice i zvu\u010dnik<\/li>\n<li>Funkcije sata, kalendara, \u0161toperica, odbrojavanje vremena, alarm, podsjetnici<\/li>\n<li>Internet: Internet radio, podcast, VTuner, DODP<\/li>\n<li>Ostalo: FN radio, kompas, glazba, video<\/li>\n<li>Mre\u017ene aplikacije: pro\u0161irivanje mogu\u0107nosti reproduktora preuzimanjem aplikacija iz online trgovine.<\/li>\n<\/ul>\n<p><strong>Sadr\u017eaj pakiranja:<\/strong><\/p>\n<ul>\n<li>Ure\u0111aj Evo S10 (Super 10) govorni reproduktor DAISY, zvu\u010dnih i tekstnih knjiga<\/li>\n<li>Strujni adapter, Slu\u0161alice s potenciometrom, Vrpca za oko vrata ili ruke, USB kabel (AC\/Data), OTG kabel, Korisni\u010dki priru\u010dnik, za\u0161titna ko\u017ena futrola.<\/li>\n<\/ul>\n<h2>Tehni\u010dki podatci<\/h2>\n<p>Dimenzije: 123 x 60 x 17 mm<br \/>\nMasa: 115 g<br \/>\nBaterija: Punjiva litij-ION, ugra\u0111ena<br \/>\nUgra\u0111ena flash pohrana: 32 GB<br \/>\nVanjska pohrana SD kartica: Bez ograni\u010denja<br \/>\nRadna temperatura: 0 \u00b0C &#8211; ~40 \u00b0C<\/p>\n<p>Jamstvo: 12 mjeseci<\/p>\n<hr \/>\n<h3>Navigacija<\/h3>\n<ul>\n<li><a href=\"https:\/\/tiflonova.hr\/wp\/?page_id=303\">Povratak na <strong>Reproduktori knjiga i pribor<\/strong><\/a><\/li>\n<\/ul>\n","protected":false},"excerpt":{"rendered":"<p>Narud\u017eba Cijena: 315,95 EUR \u0160ifra za narud\u017ebu: 27001 Naru\u010dite sada&#8230;. Govorni reproduktor Evo S10 DAISY HR Vi\u0161ejezi\u010dni govorni reproduktor i snima\u010d zvu\u010dnih knjiga u DAISY formatu za slijepe osobe Reproduktor DAISY knjiga: DAISY 2.02 i DAISY 3.0 tekst i zvuk &hellip; <a href=\"https:\/\/tiflonova.hr\/wp\/?page_id=1001\">Nastavi \u010ditati <span class=\"meta-nav\">&rarr;<\/span><\/a><\/p>\n","protected":false},"author":1,"featured_media":0,"parent":303,"menu_order":0,"comment_status":"closed","ping_status":"closed","template":"","meta":{"footnotes":""},"class_list":["post-1001","page","type-page","status-publish","hentry"],"_links":{"self":[{"href":"https:\/\/tiflonova.hr\/wp\/index.php?rest_route=\/wp\/v2\/pages\/1001","targetHints":{"allow":["GET"]}}],"collection":[{"href":"https:\/\/tiflonova.hr\/wp\/index.php?rest_route=\/wp\/v2\/pages"}],"about":[{"href":"https:\/\/tiflonova.hr\/wp\/index.php?rest_route=\/wp\/v2\/types\/page"}],"author":[{"embeddable":true,"href":"https:\/\/tiflonova.hr\/wp\/index.php?rest_route=\/wp\/v2\/users\/1"}],"replies":[{"embeddable":true,"href":"https:\/\/tiflonova.hr\/wp\/index.php?rest_route=%2Fwp%2Fv2%2Fcomments&post=1001"}],"version-history":[{"count":14,"href":"https:\/\/tiflonova.hr\/wp\/index.php?rest_route=\/wp\/v2\/pages\/1001\/revisions"}],"predecessor-version":[{"id":1225,"href":"https:\/\/tiflonova.hr\/wp\/index.php?rest_route=\/wp\/v2\/pages\/1001\/revisions\/1225"}],"up":[{"embeddable":true,"href":"https:\/\/tiflonova.hr\/wp\/index.php?rest_route=\/wp\/v2\/pages\/303"}],"wp:attachment":[{"href":"https:\/\/tiflonova.hr\/wp\/index.php?rest_route=%2Fwp%2Fv2%2Fmedia&parent=1001"}],"curies":[{"name":"wp","href":"https:\/\/api.w.org\/{rel}","templated":true}]}}